{"id":25,"date":"2024-03-28T22:39:23","date_gmt":"2024-03-28T22:39:23","guid":{"rendered":"https:\/\/www.jagy-chempure.sk\/?page_id=25"},"modified":"2024-03-28T23:02:55","modified_gmt":"2024-03-28T23:02:55","slug":"domov","status":"publish","type":"page","link":"https:\/\/www.jagy-chempure.sk\/","title":{"rendered":"Domov"},"content":{"rendered":"\n<p><strong>V\u00edtame V\u00e1s na str\u00e1nke JAGY-ChemPure !<\/strong><\/p>\n\n\n\n<p>Na\u0161a firma doteraz realizovala \u010distenie v objemoch od 30 litrov (boli to p\u00e1jkovan\u00e9 doskov\u00e9 v\u00fdmenn\u00edky) a\u017e do\u202fobjemu 20\u202f000 litrov (na DZ Energetika).\u00a0\u00a0<\/p>\n\n\n\n<p><strong>Syst\u00e9m tohto \u010distenia m\u00e1 tieto v\u00fdhody:<\/strong>&nbsp;<\/p>\n\n\n\n<ul class=\"wp-block-list\">\n<li>proces je kontrolovate\u013en\u00fd a\u202f\u0161etrn\u00fd&nbsp;<\/li>\n\n\n\n<li>\u010disten\u00edm sa odstra\u0148uj\u00fa&nbsp; v\u0161etky n\u00e1nosy (m\u00e4kk\u00e9, aj tvrd\u00e9)&nbsp;<\/li>\n\n\n\n<li>\u00fa\u010dinnos\u0165 \u010distenia je minim\u00e1lne 80 % (u\u202fsk\u00f4r in\u0161talovan\u00fdch trubiek, ktor\u00e9 e\u0161te neboli chemicky \u010disten\u00e9 \u2013 star\u0161ie ako 10 rokov) a\u017e 100 % (u\u202fnov\u0161\u00edch trubiek)&nbsp;<\/li>\n\n\n\n<li>aplik\u00e1cia inhib\u00edtora kor\u00f3zie po\u010das realiz\u00e1cie \u010distenia&nbsp;&nbsp;<\/li>\n\n\n\n<li>prisp\u00f4sobivos\u0165 k\u202fr\u00f4znym materi\u00e1lom (kovy, farebn\u00e9 kovy, u\u0161\u013eachtil\u00e9 kovy)&nbsp;<\/li>\n<\/ul>\n\n\n\n<ul class=\"wp-block-list\">\n<li>nie je v\u017edy nutn\u00e1 demont\u00e1\u017e jednotliv\u00fdch chladi\u010dov&nbsp;<\/li>\n\n\n\n<li>nevznik\u00e1 nebezpe\u010dn\u00fd odpad&nbsp;<\/li>\n\n\n\n<li>pou\u017e\u00edvan\u00e9 chemik\u00e1lie nie s\u00fa zaraden\u00e9 medzi nebezpe\u010dn\u00e9 chemick\u00e9 l\u00e1tky&nbsp;<\/li>\n<\/ul>\n","protected":false},"excerpt":{"rendered":"<p>V\u00edtame V\u00e1s na str\u00e1nke JAGY-ChemPure ! Na\u0161a firma doteraz realizovala \u010distenie v objemoch od 30 litrov (boli to p\u00e1jkovan\u00e9 doskov\u00e9 v\u00fdmenn\u00edky) a\u017e do\u202fobjemu 20\u202f000 litrov (na DZ Energetika).\u00a0\u00a0 Syst\u00e9m tohto &#8230;<\/p>\n","protected":false},"author":1,"featured_media":0,"parent":0,"menu_order":0,"comment_status":"closed","ping_status":"closed","template":"","meta":{"ngg_post_thumbnail":0,"footnotes":""},"class_list":["post-25","page","type-page","status-publish","hentry"],"_links":{"self":[{"href":"https:\/\/www.jagy-chempure.sk\/index.php?rest_route=\/wp\/v2\/pages\/25","targetHints":{"allow":["GET"]}}],"collection":[{"href":"https:\/\/www.jagy-chempure.sk\/index.php?rest_route=\/wp\/v2\/pages"}],"about":[{"href":"https:\/\/www.jagy-chempure.sk\/index.php?rest_route=\/wp\/v2\/types\/page"}],"author":[{"embeddable":true,"href":"https:\/\/www.jagy-chempure.sk\/index.php?rest_route=\/wp\/v2\/users\/1"}],"replies":[{"embeddable":true,"href":"https:\/\/www.jagy-chempure.sk\/index.php?rest_route=%2Fwp%2Fv2%2Fcomments&post=25"}],"version-history":[{"count":2,"href":"https:\/\/www.jagy-chempure.sk\/index.php?rest_route=\/wp\/v2\/pages\/25\/revisions"}],"predecessor-version":[{"id":49,"href":"https:\/\/www.jagy-chempure.sk\/index.php?rest_route=\/wp\/v2\/pages\/25\/revisions\/49"}],"wp:attachment":[{"href":"https:\/\/www.jagy-chempure.sk\/index.php?rest_route=%2Fwp%2Fv2%2Fmedia&parent=25"}],"curies":[{"name":"wp","href":"https:\/\/api.w.org\/{rel}","templated":true}]}}